{"id":986,"date":"2015-11-30T11:34:55","date_gmt":"2015-11-30T11:34:55","guid":{"rendered":"https:\/\/motors.stylemixthemes.com\/?page_id=986"},"modified":"2025-05-21T14:44:06","modified_gmt":"2025-05-21T17:44:06","slug":"perguntas-frequentes","status":"publish","type":"page","link":"https:\/\/maximinocar.com.br\/index.php\/perguntas-frequentes\/","title":{"rendered":"Perguntas Frequentes"},"content":{"rendered":"\t\t<div data-elementor-type=\"wp-page\" data-elementor-id=\"986\" class=\"elementor elementor-986\" data-elementor-post-type=\"page\">\n\t\t\t\t\t\t<section class=\"elementor-section elementor-top-section elementor-element elementor-element-b0c4914 elementor-section-boxed elementor-section-height-default elementor-section-height-default\" data-id=\"b0c4914\" data-element_type=\"section\">\n\t\t\t\t\t\t<div class=\"elementor-container elementor-column-gap-default\">\n\t\t\t\t\t<div class=\"elementor-column elementor-col-66 elementor-top-column elementor-element elementor-element-c59f435\" data-id=\"c59f435\" data-element_type=\"column\">\n\t\t\t<div class=\"elementor-widget-wrap elementor-element-populated\">\n\t\t\t\t\t\t<div class=\"elementor-element elementor-element-c54c036 elementor-widget elementor-widget-accordion\" data-id=\"c54c036\" data-element_type=\"widget\" data-widget_type=\"accordion.default\">\n\t\t\t\t<div class=\"elementor-widget-container\">\n\t\t\t\t\t\t\t<div class=\"elementor-accordion\">\n\t\t\t\t\t\t\t<div class=\"elementor-accordion-item\">\n\t\t\t\t\t<div id=\"elementor-tab-title-2061\" class=\"elementor-tab-title\" data-tab=\"1\" role=\"button\" aria-controls=\"elementor-tab-content-2061\" aria-expanded=\"false\">\n\t\t\t\t\t\t\t\t\t\t\t\t\t<span class=\"elementor-accordion-icon elementor-accordion-icon-left\" aria-hidden=\"true\">\n\t\t\t\t\t\t\t\t\t\t\t\t\t\t\t<span class=\"elementor-accordion-icon-closed\"><svg class=\"e-font-icon-svg e-far-plus-square\" viewBox=\"0 0 448 512\" xmlns=\"http:\/\/www.w3.org\/2000\/svg\"><path d=\"M352 240v32c0 6.6-5.4 12-12 12h-88v88c0 6.6-5.4 12-12 12h-32c-6.6 0-12-5.4-12-12v-88h-88c-6.6 0-12-5.4-12-12v-32c0-6.6 5.4-12 12-12h88v-88c0-6.6 5.4-12 12-12h32c6.6 0 12 5.4 12 12v88h88c6.6 0 12 5.4 12 12zm96-160v352c0 26.5-21.5 48-48 48H48c-26.5 0-48-21.5-48-48V80c0-26.5 21.5-48 48-48h352c26.5 0 48 21.5 48 48zm-48 346V86c0-3.3-2.7-6-6-6H54c-3.3 0-6 2.7-6 6v340c0 3.3 2.7 6 6 6h340c3.3 0 6-2.7 6-6z\"><\/path><\/svg><\/span>\n\t\t\t\t\t\t\t\t<span class=\"elementor-accordion-icon-opened\"><svg class=\"e-font-icon-svg e-far-minus-square\" viewBox=\"0 0 448 512\" xmlns=\"http:\/\/www.w3.org\/2000\/svg\"><path d=\"M108 284c-6.6 0-12-5.4-12-12v-32c0-6.6 5.4-12 12-12h232c6.6 0 12 5.4 12 12v32c0 6.6-5.4 12-12 12H108zM448 80v352c0 26.5-21.5 48-48 48H48c-26.5 0-48-21.5-48-48V80c0-26.5 21.5-48 48-48h352c26.5 0 48 21.5 48 48zm-48 346V86c0-3.3-2.7-6-6-6H54c-3.3 0-6 2.7-6 6v340c0 3.3 2.7 6 6 6h340c3.3 0 6-2.7 6-6z\"><\/path><\/svg><\/span>\n\t\t\t\t\t\t\t\t\t\t\t\t\t\t<\/span>\n\t\t\t\t\t\t\t\t\t\t\t\t<a class=\"elementor-accordion-title\" tabindex=\"0\">Voc\u00eas fazem financiamento?<\/a>\n\t\t\t\t\t<\/div>\n\t\t\t\t\t<div id=\"elementor-tab-content-2061\" class=\"elementor-tab-content elementor-clearfix\" data-tab=\"1\" role=\"region\" aria-labelledby=\"elementor-tab-title-2061\"><p><span style=\"font-weight: 400;\">Sim, a Maximino Car tem parceria com C6 Bank, Santander, BV e Mercado Pago. Priorizamos a prefer\u00eancia do cliente e negociamos diferentes possibilidades de entrada &#8211; parcelamento no cart\u00e3o, carro na troca, \u00e0 vista.<\/span><span style=\"font-weight: 400;\"><br \/><\/span><\/p><\/div>\n\t\t\t\t<\/div>\n\t\t\t\t\t\t\t<div class=\"elementor-accordion-item\">\n\t\t\t\t\t<div id=\"elementor-tab-title-2062\" class=\"elementor-tab-title\" data-tab=\"2\" role=\"button\" aria-controls=\"elementor-tab-content-2062\" aria-expanded=\"false\">\n\t\t\t\t\t\t\t\t\t\t\t\t\t<span class=\"elementor-accordion-icon elementor-accordion-icon-left\" aria-hidden=\"true\">\n\t\t\t\t\t\t\t\t\t\t\t\t\t\t\t<span class=\"elementor-accordion-icon-closed\"><svg class=\"e-font-icon-svg e-far-plus-square\" viewBox=\"0 0 448 512\" xmlns=\"http:\/\/www.w3.org\/2000\/svg\"><path d=\"M352 240v32c0 6.6-5.4 12-12 12h-88v88c0 6.6-5.4 12-12 12h-32c-6.6 0-12-5.4-12-12v-88h-88c-6.6 0-12-5.4-12-12v-32c0-6.6 5.4-12 12-12h88v-88c0-6.6 5.4-12 12-12h32c6.6 0 12 5.4 12 12v88h88c6.6 0 12 5.4 12 12zm96-160v352c0 26.5-21.5 48-48 48H48c-26.5 0-48-21.5-48-48V80c0-26.5 21.5-48 48-48h352c26.5 0 48 21.5 48 48zm-48 346V86c0-3.3-2.7-6-6-6H54c-3.3 0-6 2.7-6 6v340c0 3.3 2.7 6 6 6h340c3.3 0 6-2.7 6-6z\"><\/path><\/svg><\/span>\n\t\t\t\t\t\t\t\t<span class=\"elementor-accordion-icon-opened\"><svg class=\"e-font-icon-svg e-far-minus-square\" viewBox=\"0 0 448 512\" xmlns=\"http:\/\/www.w3.org\/2000\/svg\"><path d=\"M108 284c-6.6 0-12-5.4-12-12v-32c0-6.6 5.4-12 12-12h232c6.6 0 12 5.4 12 12v32c0 6.6-5.4 12-12 12H108zM448 80v352c0 26.5-21.5 48-48 48H48c-26.5 0-48-21.5-48-48V80c0-26.5 21.5-48 48-48h352c26.5 0 48 21.5 48 48zm-48 346V86c0-3.3-2.7-6-6-6H54c-3.3 0-6 2.7-6 6v340c0 3.3 2.7 6 6 6h340c3.3 0 6-2.7 6-6z\"><\/path><\/svg><\/span>\n\t\t\t\t\t\t\t\t\t\t\t\t\t\t<\/span>\n\t\t\t\t\t\t\t\t\t\t\t\t<a class=\"elementor-accordion-title\" tabindex=\"0\">O que s\u00e3o carros de leil\u00e3o?<\/a>\n\t\t\t\t\t<\/div>\n\t\t\t\t\t<div id=\"elementor-tab-content-2062\" class=\"elementor-tab-content elementor-clearfix\" data-tab=\"2\" role=\"region\" aria-labelledby=\"elementor-tab-title-2062\"><p><span style=\"font-weight: 400;\">Carros de leil\u00e3o s\u00e3o ve\u00edculos vendidos por bancos, seguradoras, locadoras ou empresas em leil\u00f5es p\u00fablicos ou privados. Eles podem ter v\u00e1rias origens, como:<\/span><\/p><ul><li style=\"font-weight: 400;\" aria-level=\"1\"><b>Recupera\u00e7\u00e3o de financiamento<\/b><span style=\"font-weight: 400;\"> (quando o antigo dono n\u00e3o conseguiu pagar);<\/span><p>\u00a0<\/p><\/li><li style=\"font-weight: 400;\" aria-level=\"1\"><b>Encerramento de frotas de locadoras ou empresas<\/b><span style=\"font-weight: 400;\">;<\/span><p>\u00a0<\/p><\/li><li style=\"font-weight: 400;\" aria-level=\"1\"><b>Ve\u00edculos sinistrados<\/b><span style=\"font-weight: 400;\"> (roubo ou colis\u00e3o, com ou sem indeniza\u00e7\u00e3o total).<\/span><p>\u00a0<\/p><\/li><\/ul><p><span style=\"font-weight: 400;\">Esses carros costumam ter <\/span><b>pre\u00e7o mais atrativo<\/b><span style=\"font-weight: 400;\">, mas \u00e9 importante verificar:<\/span><\/p><ul><li style=\"font-weight: 400;\" aria-level=\"1\"><span style=\"font-weight: 400;\">O hist\u00f3rico do ve\u00edculo e o tipo de leil\u00e3o;<\/span><p>\u00a0<\/p><\/li><li style=\"font-weight: 400;\" aria-level=\"1\"><span style=\"font-weight: 400;\">Se existe alguma <\/span><b>observa\u00e7\u00e3o no documento<\/b><span style=\"font-weight: 400;\">, como \u201crecuperado\u201d;<\/span><p>\u00a0<\/p><\/li><li style=\"font-weight: 400;\" aria-level=\"1\"><span style=\"font-weight: 400;\">Se o carro foi bem <\/span><b>recuperado e regularizado<\/b><span style=\"font-weight: 400;\">, com laudo cautelar confi\u00e1vel.<\/span><p>\u00a0<\/p><\/li><\/ul><p><span style=\"font-weight: 400;\">Na <\/span><b>Maximino Car<\/b><span style=\"font-weight: 400;\">, prezamos pela <\/span><b>transpar\u00eancia<\/b><span style=\"font-weight: 400;\">. Se um ve\u00edculo for de leil\u00e3o, <\/span><b>isso ser\u00e1 informado claramente<\/b><span style=\"font-weight: 400;\"> e explicamos todos os detalhes para que voc\u00ea compre com total seguran\u00e7a.<\/span><\/p><\/div>\n\t\t\t\t<\/div>\n\t\t\t\t\t\t\t<div class=\"elementor-accordion-item\">\n\t\t\t\t\t<div id=\"elementor-tab-title-2063\" class=\"elementor-tab-title\" data-tab=\"3\" role=\"button\" aria-controls=\"elementor-tab-content-2063\" aria-expanded=\"false\">\n\t\t\t\t\t\t\t\t\t\t\t\t\t<span class=\"elementor-accordion-icon elementor-accordion-icon-left\" aria-hidden=\"true\">\n\t\t\t\t\t\t\t\t\t\t\t\t\t\t\t<span class=\"elementor-accordion-icon-closed\"><svg class=\"e-font-icon-svg e-far-plus-square\" viewBox=\"0 0 448 512\" xmlns=\"http:\/\/www.w3.org\/2000\/svg\"><path d=\"M352 240v32c0 6.6-5.4 12-12 12h-88v88c0 6.6-5.4 12-12 12h-32c-6.6 0-12-5.4-12-12v-88h-88c-6.6 0-12-5.4-12-12v-32c0-6.6 5.4-12 12-12h88v-88c0-6.6 5.4-12 12-12h32c6.6 0 12 5.4 12 12v88h88c6.6 0 12 5.4 12 12zm96-160v352c0 26.5-21.5 48-48 48H48c-26.5 0-48-21.5-48-48V80c0-26.5 21.5-48 48-48h352c26.5 0 48 21.5 48 48zm-48 346V86c0-3.3-2.7-6-6-6H54c-3.3 0-6 2.7-6 6v340c0 3.3 2.7 6 6 6h340c3.3 0 6-2.7 6-6z\"><\/path><\/svg><\/span>\n\t\t\t\t\t\t\t\t<span class=\"elementor-accordion-icon-opened\"><svg class=\"e-font-icon-svg e-far-minus-square\" viewBox=\"0 0 448 512\" xmlns=\"http:\/\/www.w3.org\/2000\/svg\"><path d=\"M108 284c-6.6 0-12-5.4-12-12v-32c0-6.6 5.4-12 12-12h232c6.6 0 12 5.4 12 12v32c0 6.6-5.4 12-12 12H108zM448 80v352c0 26.5-21.5 48-48 48H48c-26.5 0-48-21.5-48-48V80c0-26.5 21.5-48 48-48h352c26.5 0 48 21.5 48 48zm-48 346V86c0-3.3-2.7-6-6-6H54c-3.3 0-6 2.7-6 6v340c0 3.3 2.7 6 6 6h340c3.3 0 6-2.7 6-6z\"><\/path><\/svg><\/span>\n\t\t\t\t\t\t\t\t\t\t\t\t\t\t<\/span>\n\t\t\t\t\t\t\t\t\t\t\t\t<a class=\"elementor-accordion-title\" tabindex=\"0\">Posso agendar uma visita?<\/a>\n\t\t\t\t\t<\/div>\n\t\t\t\t\t<div id=\"elementor-tab-content-2063\" class=\"elementor-tab-content elementor-clearfix\" data-tab=\"3\" role=\"region\" aria-labelledby=\"elementor-tab-title-2063\"><p><span style=\"font-weight: 400;\">Sim! Nosso atendimento \u00e9 de segunda a sexta, das <\/span><b>9h \u00e0s 18h<\/b><span style=\"font-weight: 400;\">, e aos s\u00e1bados das <\/span><b>9h \u00e0s 15h<\/b><span style=\"font-weight: 400;\">, na <\/span><b>Rua Orat\u00f3rio, 514 \u2013 Bang\u00fa, Santo Andr\u00e9\/SP<\/b><span style=\"font-weight: 400;\">. Voc\u00ea tamb\u00e9m pode falar com a gente pelo WhatsApp!<\/span><\/p><\/div>\n\t\t\t\t<\/div>\n\t\t\t\t\t\t\t<div class=\"elementor-accordion-item\">\n\t\t\t\t\t<div id=\"elementor-tab-title-2064\" class=\"elementor-tab-title\" data-tab=\"4\" role=\"button\" aria-controls=\"elementor-tab-content-2064\" aria-expanded=\"false\">\n\t\t\t\t\t\t\t\t\t\t\t\t\t<span class=\"elementor-accordion-icon elementor-accordion-icon-left\" aria-hidden=\"true\">\n\t\t\t\t\t\t\t\t\t\t\t\t\t\t\t<span class=\"elementor-accordion-icon-closed\"><svg class=\"e-font-icon-svg e-far-plus-square\" viewBox=\"0 0 448 512\" xmlns=\"http:\/\/www.w3.org\/2000\/svg\"><path d=\"M352 240v32c0 6.6-5.4 12-12 12h-88v88c0 6.6-5.4 12-12 12h-32c-6.6 0-12-5.4-12-12v-88h-88c-6.6 0-12-5.4-12-12v-32c0-6.6 5.4-12 12-12h88v-88c0-6.6 5.4-12 12-12h32c6.6 0 12 5.4 12 12v88h88c6.6 0 12 5.4 12 12zm96-160v352c0 26.5-21.5 48-48 48H48c-26.5 0-48-21.5-48-48V80c0-26.5 21.5-48 48-48h352c26.5 0 48 21.5 48 48zm-48 346V86c0-3.3-2.7-6-6-6H54c-3.3 0-6 2.7-6 6v340c0 3.3 2.7 6 6 6h340c3.3 0 6-2.7 6-6z\"><\/path><\/svg><\/span>\n\t\t\t\t\t\t\t\t<span class=\"elementor-accordion-icon-opened\"><svg class=\"e-font-icon-svg e-far-minus-square\" viewBox=\"0 0 448 512\" xmlns=\"http:\/\/www.w3.org\/2000\/svg\"><path d=\"M108 284c-6.6 0-12-5.4-12-12v-32c0-6.6 5.4-12 12-12h232c6.6 0 12 5.4 12 12v32c0 6.6-5.4 12-12 12H108zM448 80v352c0 26.5-21.5 48-48 48H48c-26.5 0-48-21.5-48-48V80c0-26.5 21.5-48 48-48h352c26.5 0 48 21.5 48 48zm-48 346V86c0-3.3-2.7-6-6-6H54c-3.3 0-6 2.7-6 6v340c0 3.3 2.7 6 6 6h340c3.3 0 6-2.7 6-6z\"><\/path><\/svg><\/span>\n\t\t\t\t\t\t\t\t\t\t\t\t\t\t<\/span>\n\t\t\t\t\t\t\t\t\t\t\t\t<a class=\"elementor-accordion-title\" tabindex=\"0\">Voc\u00eas cuidam da documenta\u00e7\u00e3o?<\/a>\n\t\t\t\t\t<\/div>\n\t\t\t\t\t<div id=\"elementor-tab-content-2064\" class=\"elementor-tab-content elementor-clearfix\" data-tab=\"4\" role=\"region\" aria-labelledby=\"elementor-tab-title-2064\"><p><span style=\"font-weight: 400;\">Cuidamos d<\/span><b>a documenta\u00e7\u00e3o<\/b><span style=\"font-weight: 400;\"> pra voc\u00ea! Isso inclui laudo de transfer\u00eancia, despachante, demais tr\u00e2mites e te auxiliamos com orienta\u00e7\u00e3o e transpar\u00eancia.<\/span><\/p><\/div>\n\t\t\t\t<\/div>\n\t\t\t\t\t\t\t<div class=\"elementor-accordion-item\">\n\t\t\t\t\t<div id=\"elementor-tab-title-2065\" class=\"elementor-tab-title\" data-tab=\"5\" role=\"button\" aria-controls=\"elementor-tab-content-2065\" aria-expanded=\"false\">\n\t\t\t\t\t\t\t\t\t\t\t\t\t<span class=\"elementor-accordion-icon elementor-accordion-icon-left\" aria-hidden=\"true\">\n\t\t\t\t\t\t\t\t\t\t\t\t\t\t\t<span class=\"elementor-accordion-icon-closed\"><svg class=\"e-font-icon-svg e-far-plus-square\" viewBox=\"0 0 448 512\" xmlns=\"http:\/\/www.w3.org\/2000\/svg\"><path d=\"M352 240v32c0 6.6-5.4 12-12 12h-88v88c0 6.6-5.4 12-12 12h-32c-6.6 0-12-5.4-12-12v-88h-88c-6.6 0-12-5.4-12-12v-32c0-6.6 5.4-12 12-12h88v-88c0-6.6 5.4-12 12-12h32c6.6 0 12 5.4 12 12v88h88c6.6 0 12 5.4 12 12zm96-160v352c0 26.5-21.5 48-48 48H48c-26.5 0-48-21.5-48-48V80c0-26.5 21.5-48 48-48h352c26.5 0 48 21.5 48 48zm-48 346V86c0-3.3-2.7-6-6-6H54c-3.3 0-6 2.7-6 6v340c0 3.3 2.7 6 6 6h340c3.3 0 6-2.7 6-6z\"><\/path><\/svg><\/span>\n\t\t\t\t\t\t\t\t<span class=\"elementor-accordion-icon-opened\"><svg class=\"e-font-icon-svg e-far-minus-square\" viewBox=\"0 0 448 512\" xmlns=\"http:\/\/www.w3.org\/2000\/svg\"><path d=\"M108 284c-6.6 0-12-5.4-12-12v-32c0-6.6 5.4-12 12-12h232c6.6 0 12 5.4 12 12v32c0 6.6-5.4 12-12 12H108zM448 80v352c0 26.5-21.5 48-48 48H48c-26.5 0-48-21.5-48-48V80c0-26.5 21.5-48 48-48h352c26.5 0 48 21.5 48 48zm-48 346V86c0-3.3-2.7-6-6-6H54c-3.3 0-6 2.7-6 6v340c0 3.3 2.7 6 6 6h340c3.3 0 6-2.7 6-6z\"><\/path><\/svg><\/span>\n\t\t\t\t\t\t\t\t\t\t\t\t\t\t<\/span>\n\t\t\t\t\t\t\t\t\t\t\t\t<a class=\"elementor-accordion-title\" tabindex=\"0\">Os carros t\u00eam garantia?<\/a>\n\t\t\t\t\t<\/div>\n\t\t\t\t\t<div id=\"elementor-tab-content-2065\" class=\"elementor-tab-content elementor-clearfix\" data-tab=\"5\" role=\"region\" aria-labelledby=\"elementor-tab-title-2065\"><p><span style=\"font-weight: 400;\">Sim. Todos os ve\u00edculos t\u00eam <\/span><b>garantia de 3 meses<\/b><span style=\"font-weight: 400;\"> conforme previsto por lei.<\/span><\/p><\/div>\n\t\t\t\t<\/div>\n\t\t\t\t\t\t\t\t<\/div>\n\t\t\t\t\t\t<\/div>\n\t\t\t\t<\/div>\n\t\t\t\t\t<\/div>\n\t\t<\/div>\n\t\t\t\t<div class=\"elementor-column elementor-col-33 elementor-top-column elementor-element elementor-element-2d35285\" data-id=\"2d35285\" data-element_type=\"column\">\n\t\t\t<div class=\"elementor-widget-wrap elementor-element-populated\">\n\t\t\t\t\t\t<div class=\"elementor-element elementor-element-8440bad elementor-hidden-tablet elementor-hidden-mobile elementor-widget elementor-widget-heading\" data-id=\"8440bad\" data-element_type=\"widget\" data-widget_type=\"heading.default\">\n\t\t\t\t<div class=\"elementor-widget-container\">\n\t\t\t\t\t<h4 class=\"elementor-heading-title elementor-size-default\">BIBLIOTECA DE M\u00cdDIA<\/h4>\t\t\t\t<\/div>\n\t\t\t\t<\/div>\n\t\t\t\t<div class=\"elementor-element elementor-element-f52e9ab elementor-hidden-tablet elementor-hidden-mobile elementor-widget elementor-widget-image-gallery\" data-id=\"f52e9ab\" data-element_type=\"widget\" data-widget_type=\"image-gallery.default\">\n\t\t\t\t<div class=\"elementor-widget-container\">\n\t\t\t\t\t\t\t<div class=\"elementor-image-gallery\">\n\t\t\t<div id='gallery-1' class='gallery galleryid-986 gallery-columns-3 gallery-size-thumbnail'><figure class='gallery-item'>\n\t\t\t<div class='gallery-icon landscape'>\n\t\t\t\t<a data-elementor-open-lightbox=\"yes\" data-elementor-lightbox-slideshow=\"f52e9ab\" data-elementor-lightbox-title=\"IMG_0337\" data-e-action-hash=\"#elementor-action%3Aaction%3Dlightbox%26settings%3DeyJpZCI6OTE3NDMsInVybCI6Imh0dHBzOlwvXC9tYXhpbWlub2Nhci5jb20uYnJcL3dwLWNvbnRlbnRcL3VwbG9hZHNcLzIwMjVcLzA1XC9JTUdfMDMzNy1zY2FsZWQuanBnIiwic2xpZGVzaG93IjoiZjUyZTlhYiJ9\" href='https:\/\/maximinocar.com.br\/wp-content\/uploads\/2025\/05\/IMG_0337-scaled.jpg'><img decoding=\"async\" width=\"150\" height=\"150\" src=\"https:\/\/maximinocar.com.br\/wp-content\/uploads\/2025\/05\/IMG_0337-150x150.jpg\" class=\"attachment-thumbnail size-thumbnail\" alt=\"\" srcset=\"https:\/\/maximinocar.com.br\/wp-content\/uploads\/2025\/05\/IMG_0337-150x150.jpg 150w, https:\/\/maximinocar.com.br\/wp-content\/uploads\/2025\/05\/IMG_0337-120x120.jpg 120w, https:\/\/maximinocar.com.br\/wp-content\/uploads\/2025\/05\/IMG_0337-300x300.jpg 300w, https:\/\/maximinocar.com.br\/wp-content\/uploads\/2025\/05\/IMG_0337-100x100.jpg 100w\" sizes=\"(max-width: 150px) 100vw, 150px\" \/><\/a>\n\t\t\t<\/div><\/figure><figure class='gallery-item'>\n\t\t\t<div class='gallery-icon landscape'>\n\t\t\t\t<a data-elementor-open-lightbox=\"yes\" data-elementor-lightbox-slideshow=\"f52e9ab\" data-elementor-lightbox-title=\"Screen Shot 2025-05-09 at 15.39.07\" data-e-action-hash=\"#elementor-action%3Aaction%3Dlightbox%26settings%3DeyJpZCI6OTE3MjgsInVybCI6Imh0dHBzOlwvXC9tYXhpbWlub2Nhci5jb20uYnJcL3dwLWNvbnRlbnRcL3VwbG9hZHNcLzIwMjVcLzA1XC9TY3JlZW4tU2hvdC0yMDI1LTA1LTA5LWF0LTE1LjM5LjA3LnBuZyIsInNsaWRlc2hvdyI6ImY1MmU5YWIifQ%3D%3D\" href='https:\/\/maximinocar.com.br\/wp-content\/uploads\/2025\/05\/Screen-Shot-2025-05-09-at-15.39.07.png'><img decoding=\"async\" width=\"150\" height=\"150\" src=\"https:\/\/maximinocar.com.br\/wp-content\/uploads\/2025\/05\/Screen-Shot-2025-05-09-at-15.39.07-150x150.png\" class=\"attachment-thumbnail size-thumbnail\" alt=\"\" srcset=\"https:\/\/maximinocar.com.br\/wp-content\/uploads\/2025\/05\/Screen-Shot-2025-05-09-at-15.39.07-150x150.png 150w, https:\/\/maximinocar.com.br\/wp-content\/uploads\/2025\/05\/Screen-Shot-2025-05-09-at-15.39.07-120x120.png 120w, https:\/\/maximinocar.com.br\/wp-content\/uploads\/2025\/05\/Screen-Shot-2025-05-09-at-15.39.07-300x300.png 300w, https:\/\/maximinocar.com.br\/wp-content\/uploads\/2025\/05\/Screen-Shot-2025-05-09-at-15.39.07-100x100.png 100w\" sizes=\"(max-width: 150px) 100vw, 150px\" \/><\/a>\n\t\t\t<\/div><\/figure><figure class='gallery-item'>\n\t\t\t<div class='gallery-icon landscape'>\n\t\t\t\t<a data-elementor-open-lightbox=\"yes\" data-elementor-lightbox-slideshow=\"f52e9ab\" data-elementor-lightbox-title=\"Screen Shot 2025-05-08 at 15.25.51\" data-e-action-hash=\"#elementor-action%3Aaction%3Dlightbox%26settings%3DeyJpZCI6OTE3MjAsInVybCI6Imh0dHBzOlwvXC9tYXhpbWlub2Nhci5jb20uYnJcL3dwLWNvbnRlbnRcL3VwbG9hZHNcLzIwMjVcLzA1XC9TY3JlZW4tU2hvdC0yMDI1LTA1LTA4LWF0LTE1LjI1LjUxLnBuZyIsInNsaWRlc2hvdyI6ImY1MmU5YWIifQ%3D%3D\" href='https:\/\/maximinocar.com.br\/wp-content\/uploads\/2025\/05\/Screen-Shot-2025-05-08-at-15.25.51.png'><img decoding=\"async\" width=\"150\" height=\"150\" src=\"https:\/\/maximinocar.com.br\/wp-content\/uploads\/2025\/05\/Screen-Shot-2025-05-08-at-15.25.51-150x150.png\" class=\"attachment-thumbnail size-thumbnail\" alt=\"\" srcset=\"https:\/\/maximinocar.com.br\/wp-content\/uploads\/2025\/05\/Screen-Shot-2025-05-08-at-15.25.51-150x150.png 150w, https:\/\/maximinocar.com.br\/wp-content\/uploads\/2025\/05\/Screen-Shot-2025-05-08-at-15.25.51-120x120.png 120w, https:\/\/maximinocar.com.br\/wp-content\/uploads\/2025\/05\/Screen-Shot-2025-05-08-at-15.25.51-300x300.png 300w, https:\/\/maximinocar.com.br\/wp-content\/uploads\/2025\/05\/Screen-Shot-2025-05-08-at-15.25.51-100x100.png 100w\" sizes=\"(max-width: 150px) 100vw, 150px\" \/><\/a>\n\t\t\t<\/div><\/figure><figure class='gallery-item'>\n\t\t\t<div class='gallery-icon landscape'>\n\t\t\t\t<a data-elementor-open-lightbox=\"yes\" data-elementor-lightbox-slideshow=\"f52e9ab\" data-elementor-lightbox-title=\"Screen Shot 2025-05-07 at 14.38.01\" data-e-action-hash=\"#elementor-action%3Aaction%3Dlightbox%26settings%3DeyJpZCI6OTE3MTAsInVybCI6Imh0dHBzOlwvXC9tYXhpbWlub2Nhci5jb20uYnJcL3dwLWNvbnRlbnRcL3VwbG9hZHNcLzIwMjVcLzA1XC9TY3JlZW4tU2hvdC0yMDI1LTA1LTA3LWF0LTE0LjM4LjAxLnBuZyIsInNsaWRlc2hvdyI6ImY1MmU5YWIifQ%3D%3D\" href='https:\/\/maximinocar.com.br\/wp-content\/uploads\/2025\/05\/Screen-Shot-2025-05-07-at-14.38.01.png'><img loading=\"lazy\" decoding=\"async\" width=\"150\" height=\"150\" src=\"https:\/\/maximinocar.com.br\/wp-content\/uploads\/2025\/05\/Screen-Shot-2025-05-07-at-14.38.01-150x150.png\" class=\"attachment-thumbnail size-thumbnail\" alt=\"\" srcset=\"https:\/\/maximinocar.com.br\/wp-content\/uploads\/2025\/05\/Screen-Shot-2025-05-07-at-14.38.01-150x150.png 150w, https:\/\/maximinocar.com.br\/wp-content\/uploads\/2025\/05\/Screen-Shot-2025-05-07-at-14.38.01-120x120.png 120w, https:\/\/maximinocar.com.br\/wp-content\/uploads\/2025\/05\/Screen-Shot-2025-05-07-at-14.38.01-300x300.png 300w, https:\/\/maximinocar.com.br\/wp-content\/uploads\/2025\/05\/Screen-Shot-2025-05-07-at-14.38.01-100x100.png 100w\" sizes=\"(max-width: 150px) 100vw, 150px\" \/><\/a>\n\t\t\t<\/div><\/figure><figure class='gallery-item'>\n\t\t\t<div class='gallery-icon portrait'>\n\t\t\t\t<a data-elementor-open-lightbox=\"yes\" data-elementor-lightbox-slideshow=\"f52e9ab\" data-elementor-lightbox-title=\"Screen Shot 2025-05-08 at 14.45.20\" data-e-action-hash=\"#elementor-action%3Aaction%3Dlightbox%26settings%3DeyJpZCI6OTE3MTYsInVybCI6Imh0dHBzOlwvXC9tYXhpbWlub2Nhci5jb20uYnJcL3dwLWNvbnRlbnRcL3VwbG9hZHNcLzIwMjVcLzA1XC9TY3JlZW4tU2hvdC0yMDI1LTA1LTA4LWF0LTE0LjQ1LjIwLnBuZyIsInNsaWRlc2hvdyI6ImY1MmU5YWIifQ%3D%3D\" href='https:\/\/maximinocar.com.br\/wp-content\/uploads\/2025\/05\/Screen-Shot-2025-05-08-at-14.45.20.png'><img loading=\"lazy\" decoding=\"async\" width=\"150\" height=\"150\" src=\"https:\/\/maximinocar.com.br\/wp-content\/uploads\/2025\/05\/Screen-Shot-2025-05-08-at-14.45.20-150x150.png\" class=\"attachment-thumbnail size-thumbnail\" alt=\"\" srcset=\"https:\/\/maximinocar.com.br\/wp-content\/uploads\/2025\/05\/Screen-Shot-2025-05-08-at-14.45.20-150x150.png 150w, https:\/\/maximinocar.com.br\/wp-content\/uploads\/2025\/05\/Screen-Shot-2025-05-08-at-14.45.20-120x120.png 120w, https:\/\/maximinocar.com.br\/wp-content\/uploads\/2025\/05\/Screen-Shot-2025-05-08-at-14.45.20-300x300.png 300w, https:\/\/maximinocar.com.br\/wp-content\/uploads\/2025\/05\/Screen-Shot-2025-05-08-at-14.45.20-100x100.png 100w\" sizes=\"(max-width: 150px) 100vw, 150px\" \/><\/a>\n\t\t\t<\/div><\/figure>\n\t\t<\/div>\n\t\t<\/div>\n\t\t\t\t\t\t<\/div>\n\t\t\t\t<\/div>\n\t\t\t\t<div class=\"elementor-element elementor-element-45b4486 elementor-widget elementor-widget-motors-single-listing-contact-info\" data-id=\"45b4486\" data-element_type=\"widget\" data-widget_type=\"motors-single-listing-contact-info.default\">\n\t\t\t\t<div class=\"elementor-widget-container\">\n\t\t\t\t\t<div class=\"contact-info-wrap\">\n\t<div class=\"title_wrap\">\n\t\t<svg aria-hidden=\"true\" class=\"e-font-icon-svg e-fas-address-book\" viewBox=\"0 0 448 512\" xmlns=\"http:\/\/www.w3.org\/2000\/svg\"><path d=\"M436 160c6.6 0 12-5.4 12-12v-40c0-6.6-5.4-12-12-12h-20V48c0-26.5-21.5-48-48-48H48C21.5 0 0 21.5 0 48v416c0 26.5 21.5 48 48 48h320c26.5 0 48-21.5 48-48v-48h20c6.6 0 12-5.4 12-12v-40c0-6.6-5.4-12-12-12h-20v-64h20c6.6 0 12-5.4 12-12v-40c0-6.6-5.4-12-12-12h-20v-64h20zm-228-32c35.3 0 64 28.7 64 64s-28.7 64-64 64-64-28.7-64-64 28.7-64 64-64zm112 236.8c0 10.6-10 19.2-22.4 19.2H118.4C106 384 96 375.4 96 364.8v-19.2c0-31.8 30.1-57.6 67.2-57.6h5c12.3 5.1 25.7 8 39.8 8s27.6-2.9 39.8-8h5c37.1 0 67.2 25.8 67.2 57.6v19.2z\"><\/path><\/svg>\t\t<h5 class=\"title\">Informa\u00e7\u00f5es de Contato<\/h5>\n\t<\/div>\n\t<div class=\"contact-desc\">\n\t\tTire suas d\u00favidas via telefone ou WhatsApp! Nossa equipe est\u00e1 preparada e disposta a te atender!\t<\/div>\n\t<div class=\"info-list-wrap\">\n\t\t<div class=\"info-item\"><i class=\"stm-icon-phone\"><\/i><div class=\"info-data\"><span class=\"item-title\">Telefone\/Whatsapp<\/span><span class=\"item-value\">(11) 2564-2241<\/span><\/div><\/div><div class=\"info-item\"><i class=\"stmicon- stm-icon-mail\"><\/i><div class=\"info-data\"><span class=\"item-title\">E-mail<\/span><span class=\"item-value\">Email maximinocar.contato@gmail.com<\/span><\/div><\/div>\t<\/div>\n<\/div>\n\t\t\t\t<\/div>\n\t\t\t\t<\/div>\n\t\t\t\t\t<\/div>\n\t\t<\/div>\n\t\t\t\t\t<\/div>\n\t\t<\/section>\n\t\t\t\t<\/div>\n\t\t","protected":false},"excerpt":{"rendered":"<p>Voc\u00eas fazem financiamento? Sim, a Maximino Car tem parceria com C6 Bank, Santander, BV e Mercado Pago. Priorizamos a prefer\u00eancia do cliente e negociamos diferentes possibilidades de entrada &#8211; parcelamento no cart\u00e3o, carro na troca, \u00e0 vista. O que s\u00e3o carros de leil\u00e3o? Carros de leil\u00e3o s\u00e3o ve\u00edculos vendidos por bancos, seguradoras, locadoras ou empresas&#8230;<\/p>\n","protected":false},"author":1,"featured_media":0,"parent":0,"menu_order":0,"comment_status":"closed","ping_status":"closed","template":"","meta":{"footnotes":""},"class_list":["post-986","page","type-page","status-publish","hentry"],"_links":{"self":[{"href":"https:\/\/maximinocar.com.br\/index.php\/wp-json\/wp\/v2\/pages\/986","targetHints":{"allow":["GET"]}}],"collection":[{"href":"https:\/\/maximinocar.com.br\/index.php\/wp-json\/wp\/v2\/pages"}],"about":[{"href":"https:\/\/maximinocar.com.br\/index.php\/wp-json\/wp\/v2\/types\/page"}],"author":[{"embeddable":true,"href":"https:\/\/maximinocar.com.br\/index.php\/wp-json\/wp\/v2\/users\/1"}],"replies":[{"embeddable":true,"href":"https:\/\/maximinocar.com.br\/index.php\/wp-json\/wp\/v2\/comments?post=986"}],"version-history":[{"count":10,"href":"https:\/\/maximinocar.com.br\/index.php\/wp-json\/wp\/v2\/pages\/986\/revisions"}],"predecessor-version":[{"id":91862,"href":"https:\/\/maximinocar.com.br\/index.php\/wp-json\/wp\/v2\/pages\/986\/revisions\/91862"}],"wp:attachment":[{"href":"https:\/\/maximinocar.com.br\/index.php\/wp-json\/wp\/v2\/media?parent=986"}],"curies":[{"name":"wp","href":"https:\/\/api.w.org\/{rel}","templated":true}]}}